{"id":7154,"date":"2023-02-08T16:23:00","date_gmt":"2023-02-08T14:23:00","guid":{"rendered":"https:\/\/weightlossclinic.eu\/kristina-isand\/"},"modified":"2025-03-19T13:38:19","modified_gmt":"2025-03-19T11:38:19","slug":"kristina-isand","status":"publish","type":"page","link":"https:\/\/weightlossclinic.eu\/en\/team\/kristina-isand\/","title":{"rendered":"Dr Kristina Isand"},"content":{"rendered":"\t\t<div data-elementor-type=\"wp-page\" data-elementor-id=\"7154\" class=\"elementor elementor-7154 elementor-4601\" data-elementor-post-type=\"page\">\n\t\t\t\t\t\t<section class=\"elementor-section elementor-top-section elementor-element elementor-element-e5c5f60 elementor-section-boxed elementor-section-height-default elementor-section-height-default\" data-id=\"e5c5f60\" data-element_type=\"section\">\n\t\t\t\t\t\t<div class=\"elementor-container elementor-column-gap-wider\">\n\t\t\t\t\t<div class=\"elementor-column elementor-col-50 elementor-top-column elementor-element elementor-element-2786f03\" data-id=\"2786f03\" data-element_type=\"column\">\n\t\t\t<div class=\"elementor-widget-wrap elementor-element-populated\">\n\t\t\t\t\t\t<div class=\"elementor-element elementor-element-e3e5744 elementor-widget elementor-widget-image\" data-id=\"e3e5744\" data-element_type=\"widget\" data-widget_type=\"image.default\">\n\t\t\t\t<div class=\"elementor-widget-container\">\n\t\t\t\t\t\t\t\t\t\t\t\t\t\t\t<img fetchpriority=\"high\" decoding=\"async\" width=\"1100\" height=\"1100\" src=\"https:\/\/weightlossclinic.eu\/wp-content\/uploads\/2023\/02\/web-kristina.jpg\" class=\"attachment-full size-full wp-image-7053\" alt=\"\" srcset=\"https:\/\/weightlossclinic.eu\/wp-content\/uploads\/2023\/02\/web-kristina.jpg 1100w, https:\/\/weightlossclinic.eu\/wp-content\/uploads\/2023\/02\/web-kristina-300x300.jpg 300w, https:\/\/weightlossclinic.eu\/wp-content\/uploads\/2023\/02\/web-kristina-1024x1024.jpg 1024w, https:\/\/weightlossclinic.eu\/wp-content\/uploads\/2023\/02\/web-kristina-150x150.jpg 150w, https:\/\/weightlossclinic.eu\/wp-content\/uploads\/2023\/02\/web-kristina-768x768.jpg 768w\" sizes=\"(max-width: 1100px) 100vw, 1100px\" \/>\t\t\t\t\t\t\t\t\t\t\t\t\t\t\t<\/div>\n\t\t\t\t<\/div>\n\t\t\t\t\t<\/div>\n\t\t<\/div>\n\t\t\t\t<div class=\"elementor-column elementor-col-50 elementor-top-column elementor-element elementor-element-bd0feef\" data-id=\"bd0feef\" data-element_type=\"column\">\n\t\t\t<div class=\"elementor-widget-wrap elementor-element-populated\">\n\t\t\t\t\t\t<div class=\"elementor-element elementor-element-d922a90 elementor-widget elementor-widget-heading\" data-id=\"d922a90\" data-element_type=\"widget\" data-widget_type=\"heading.default\">\n\t\t\t\t<div class=\"elementor-widget-container\">\n\t\t\t\t\t<h2 class=\"elementor-heading-title elementor-size-default\">Dr Kristina Isand<\/h2>\t\t\t\t<\/div>\n\t\t\t\t<\/div>\n\t\t\t\t<div class=\"elementor-element elementor-element-990c83f elementor-widget elementor-widget-text-editor\" data-id=\"990c83f\" data-element_type=\"widget\" data-widget_type=\"text-editor.default\">\n\t\t\t\t<div class=\"elementor-widget-container\">\n\t\t\t\t\t\t\t\t\t<p>Dr Kristina Isand is a highly knowledgeable and recognised endocrinologist. She has completed numerous training and refresher courses and has been published in various publications. Throughout her career, Dr Isand has practiced in some of Estonia\u2019s largest hospitals, including: North Estonia Medical Centre, Tartu University Hospital, and East Tallinn Central Hospital. Dr Kristina Isand also has a year of experience at Oxford University Hospital in England.<\/p><p>Dr Kristina Isand works as an endocrinologist consultant at the Health Clinic Weight Loss Clinic. As an endocrinologist and a valued specialist, she helps treat and monitor patients with hormonal imbalances and endocrine diseases.<\/p><p>Since 2021, Dr Isand has been pursuing a PhD at the University of Tartu. Dr Isand is also a member of the board of the Estonian Endocrine Society.<\/p>\t\t\t\t\t\t\t\t<\/div>\n\t\t\t\t<\/div>\n\t\t\t\t\t<\/div>\n\t\t<\/div>\n\t\t\t\t\t<\/div>\n\t\t<\/section>\n\t\t\t\t<section class=\"elementor-section elementor-top-section elementor-element elementor-element-a06b69e elementor-section-boxed elementor-section-height-default elementor-section-height-default\" data-id=\"a06b69e\" data-element_type=\"section\">\n\t\t\t\t\t\t<div class=\"elementor-container elementor-column-gap-default\">\n\t\t\t\t\t<div class=\"elementor-column elementor-col-50 elementor-top-column elementor-element elementor-element-6b9fd41\" data-id=\"6b9fd41\" data-element_type=\"column\">\n\t\t\t<div class=\"elementor-widget-wrap elementor-element-populated\">\n\t\t\t\t\t\t<div class=\"elementor-element elementor-element-16af004 elementor-widget elementor-widget-heading\" data-id=\"16af004\" data-element_type=\"widget\" data-widget_type=\"heading.default\">\n\t\t\t\t<div class=\"elementor-widget-container\">\n\t\t\t\t\t<h2 class=\"elementor-heading-title elementor-size-default\">Work experience<\/h2>\t\t\t\t<\/div>\n\t\t\t\t<\/div>\n\t\t\t\t<div class=\"elementor-element elementor-element-7e035f7 elementor-widget elementor-widget-text-editor\" data-id=\"7e035f7\" data-element_type=\"widget\" data-widget_type=\"text-editor.default\">\n\t\t\t\t<div class=\"elementor-widget-container\">\n\t\t\t\t\t\t\t\t\t<table style=\"width: 99.5243%;\" width=\"100%\"><tbody><tr><td class=\"veerg1\">2023 &#8211; &#8230;<\/td><td class=\"veerg2\">Health Clinic Weight Loss Clinic<\/td><\/tr><tr><td>2018 &#8211; &#8230;<\/td><td>East Tallinn Central Hospital<\/td><\/tr><tr><td>2016 &#8211; 2020<\/td><td>City Health Clinic<\/td><\/tr><tr><td>2015 &#8211; 2020<\/td><td><p>North Estonia Medical Centre<\/p><\/td><\/tr><tr><td>2020 &#8211; 2021<\/td><td>Oxford University Hospitals<\/td><\/tr><tr><td>2013 &#8211; 2015<\/td><td>East Tallinn Central Hospital<\/td><\/tr><tr><td>2014 &#8211; 2015<\/td><td>North Estonia Medical Centre<\/td><\/tr><tr><td>2008 &#8211; 2014<\/td><td><p>Tartu University Hospital<\/p><\/td><\/tr><tr><td>2008<\/td><td>Alatskivi Family Medical Centre<\/td><\/tr><\/tbody><\/table>\t\t\t\t\t\t\t\t<\/div>\n\t\t\t\t<\/div>\n\t\t\t\t\t<\/div>\n\t\t<\/div>\n\t\t\t\t<div class=\"elementor-column elementor-col-50 elementor-top-column elementor-element elementor-element-701b640\" data-id=\"701b640\" data-element_type=\"column\">\n\t\t\t<div class=\"elementor-widget-wrap elementor-element-populated\">\n\t\t\t\t\t\t<div class=\"elementor-element elementor-element-f8f593d elementor-widget elementor-widget-heading\" data-id=\"f8f593d\" data-element_type=\"widget\" data-widget_type=\"heading.default\">\n\t\t\t\t<div class=\"elementor-widget-container\">\n\t\t\t\t\t<h2 class=\"elementor-heading-title elementor-size-default\">Education<\/h2>\t\t\t\t<\/div>\n\t\t\t\t<\/div>\n\t\t\t\t<div class=\"elementor-element elementor-element-f045af9 elementor-widget elementor-widget-text-editor\" data-id=\"f045af9\" data-element_type=\"widget\" data-widget_type=\"text-editor.default\">\n\t\t\t\t<div class=\"elementor-widget-container\">\n\t\t\t\t\t\t\t\t\t<table width=\"100%\"><tbody><tr><td class=\"veerg1\">2021 &#8211; &#8230;<\/td><td class=\"veerg2\">University of Tartu, PhD<\/td><\/tr><tr><td>2015 &#8211; 2022<\/td><td>University of Tartu, endocrinology residency<\/td><\/tr><tr><td>2008 &#8211; 2022<\/td><td>University of Tartu, Faculty of Medicine<\/td><\/tr><tr><td>2005 &#8211; 2008<\/td><td>N\u00f5o Secondary School<\/td><\/tr><tr><td>2004 &#8211; 2005\u00a0<\/td><td>Tartu Mart Reiniku School<\/td><\/tr><tr><td>1996 &#8211; 2003\u00a0<\/td><td>\u00dclenurme Gymnasium<\/td><\/tr><\/tbody><\/table>\t\t\t\t\t\t\t\t<\/div>\n\t\t\t\t<\/div>\n\t\t\t\t\t<\/div>\n\t\t<\/div>\n\t\t\t\t\t<\/div>\n\t\t<\/section>\n\t\t\t\t<section class=\"elementor-section elementor-top-section elementor-element elementor-element-7028deb elementor-section-boxed elementor-section-height-default elementor-section-height-default\" data-id=\"7028deb\" data-element_type=\"section\">\n\t\t\t\t\t\t<div class=\"elementor-container elementor-column-gap-default\">\n\t\t\t\t\t<div class=\"elementor-column elementor-col-100 elementor-top-column elementor-element elementor-element-e51c74d\" data-id=\"e51c74d\" data-element_type=\"column\">\n\t\t\t<div class=\"elementor-widget-wrap elementor-element-populated\">\n\t\t\t\t\t\t<div class=\"elementor-element elementor-element-c3b4fbe elementor-widget elementor-widget-heading\" data-id=\"c3b4fbe\" data-element_type=\"widget\" data-widget_type=\"heading.default\">\n\t\t\t\t<div class=\"elementor-widget-container\">\n\t\t\t\t\t<h2 class=\"elementor-heading-title elementor-size-default\">Further training<\/h2>\t\t\t\t<\/div>\n\t\t\t\t<\/div>\n\t\t\t\t<div class=\"elementor-element elementor-element-2a3ce48 elementor-widget elementor-widget-text-editor\" data-id=\"2a3ce48\" data-element_type=\"widget\" data-widget_type=\"text-editor.default\">\n\t\t\t\t<div class=\"elementor-widget-container\">\n\t\t\t\t\t\t\t\t\t<p>2023.\u00a0 \u00a0 Pituitary Society Master Course, Online<br \/>2022.\u00a0 \u00a0 Society for Endocrinology BES 2022, Harrogate, England<br \/>2022.\u00a0 \u00a0 Clinical challenges of Cushing&#8217;s syndrome across the lifespan. The long-lasting problems, Munich, Germany<br \/>2022.\u00a0 \u00a0 Pituitary Update Course, Tallinn<br \/>2022.\u00a0 \u00a0 EASD, Stocholm, Sweden (online)<br \/>2022.\u00a0 \u00a0 Marstrad Course 2022, Sweden<br \/>2022.\u00a0 \u00a0 European Society of Endocrinology annual meeting ECE 2022, Milan<br \/>2022.\u00a0 \u00a0 Pituitary Society Master Course, Online<br \/>2021.\u00a0 \u00a0 Society for Endocrinology BES 2021, Edinburgh, Scotland<br \/>2021.\u00a0 \u00a0 Rudolf Buchheim 200: New Essays on the Doctrine of Drugs, Tartu, Estonia<br \/>2021.\u00a0 \u00a0 European Congress of Endocrinology (ECE), Online<br \/>2021.\u00a0 \u00a0 e-ENDO, Endocrine Society, Online \u00a0\u00a0<br \/>2021.\u00a0 \u00a0 17<sup>th<\/sup> International Workshop on Multiple Endocrine Neoplasia and Other Rare Endocrine Tumors, Online<br \/>2021.\u00a0 \u00a0 Pituitary Society Master Course, Online<br \/>2021.\u00a0 \u00a0 27th ESE Postgraduate Training Course on Endocrinology, Diabetes and Metabolism, Online<br \/>2021.\u00a0 \u00a0 ESE Clinical update on Cushing\u2019s syndrome, Online<br \/>2020.\u00a0 \u00a0 ESE Clinical update on acromegaly, Online<br \/>2020.\u00a0 \u00a0 26th ESE Postgraduate Training Course in Clinical Endocrinology, Diabetes and Metabolism, Online<br \/>2020.\u00a0 \u00a0 Society for Endocrinology BES, Online<br \/>2020.\u00a0 \u00a0 Endocrine Broad Review, Online, Endocrine Society<br \/>2020.\u00a0 \u00a0 Clinical Endocrinology Update, Online, Endocrine Society<br \/>2018.\u00a0 \u00a0 1st Nordic and Baltic Case Meeting on Acromegaly, Riga, Latvia<br \/>2018.\u00a0 \u00a0 9th Alice and Albert Netter Days of the European Society of Gynaecology, Riga, Latvia<br \/>2018.\u00a0 \u00a0 Good Clinical Practice GCP, online<br \/>2018.\u00a0 \u00a0 European Society of Endocrinology (ESE) Postgraduate Course, Budapest, Hungary<br \/>2016.\u00a0 \u00a0 European Congress of Endocrinology (ECE), Munich, Germany<br \/>2015.\u00a0 \u00a0 European Society of Endocrinology (ESE) Postgraduate Course on Endocrinology, Diabetes and Metabolism, Tirana, Albania<br \/>2015.\u00a0 \u00a0 European Association for the Study of Diabetes (EASD) Postgraduate Course, Tirana, Albania<br \/>2014.\u00a0 \u00a0 Current\u00a0 Annual Meetings of the Estonian Endocrine Society, Estonia<br \/>2014.\u00a0 \u00a0 Annual Meeting of the Finnish Endocrine Society, Helsinki, Finland<br \/>1998 \u2013 2008\u00a0 \u00dclenurme Music School, \u00dclenurme, Estonia, Piano and Jazz Singing, graduated Magna Cum Laude<\/p><p><strong>Publications<\/strong><\/p><ol><li>\u00a0 \u00a0Isand, J. Wass, J. Norris. I. Noor. Graves orbitopathy &#8211; Metastatic breast cancer presenting as orbitopathy, not previously recorded in the endocrine literature, case report, Endocrine Abstracts, 2021<\/li><li>\u00a0 \u00a0Isand, J.Wass. \u201cHow frequent is Cushing\u2019s syndrome?\u201d ESE Clinical update on Cushing\u2019s syndrome, ESE reports, 2021<\/li><li>\u00a0 \u00a0Isand. Metaboolne s\u00fcndroom: mitte ainult v\u00f6\u00f6koha rasvumus. Perearst, January 2019<\/li><li>\u00a0 \u00a0Isand. Metaboolne s\u00fcndroom: Mitte ainult v\u00f6\u00f6koha rasvumus. Lege Artis, April 2019<\/li><li>\u00a0 \u00a0Isand. Delikaatne mure-liigne higistamine. TervisPluss, Aprill 2019<\/li><li>\u00a0 \u00a0Isand \u00dclevaade enimkasutatud diabeediravimitest. Apteeker, September 2019<\/li><li>\u00a0 \u00a0Isand. Kilpn\u00e4\u00e4re ja rasedus. Pere ja Kodu, October 2019<\/li><li>\u00a0 \u00a0Isand.Mida v\u00f5tta, mida j\u00e4tta? Diabeediravimite kirju maailm. Lege Artis, November 2019<\/li><li>\u00a0 \u00a0Isand. \u00c4gedate suhkruainevahetuse h\u00e4irete korrigeerimine. Lege Artis, November 2018<\/li><\/ol><p><strong>Accepted manuscripts<\/strong><\/p><ol><li>\u00a0 \u00a0Isand, J. Wass \u201cThyroid testing and dysfunction post treatment for head and neck cancers\u201d, chapter for the 6th edition of the Multi-disciplinary Head and Neck Cancer Guidelines, <em>The Journal of Laryngology and Otology<\/em><\/li><\/ol><p><strong>Abstracts<\/strong><\/p><ol><li>\u00a0 \u00a0Isand, Z. Plummer, V.Volke, J.Newell-Price, J.A.H. Wass, A. Pal \u201cAnticoagulation practice in patients with Cushing&#8217;s Syndrome &#8211; an SFE audit across centres in the UK\u201d SfE 2022, Harrogate<\/li><li>\u00a0 \u00a0Isand, V.Volke, S.Webb, A. Santos, J.Wass, E. Valassi \u201eHigh Prevalence of Venous Thrombotic Events in Cushing\u02bcs Syndrome: Data From ERCUSYN \u201e ENDO 2023, Chicago<\/li><li>\u00a0 \u00a0Isand, V.Volke, S.Webb, A. Santos, J.Wass, E. Valassi \u201e Venous Thrombotic Events (VTE) across ERCUSYN: do centres anticoagulate on a routine bases and details of these VTE events\u201d, ECE 2023, Istanbul<\/li><\/ol>\t\t\t\t\t\t\t\t<\/div>\n\t\t\t\t<\/div>\n\t\t\t\t\t<\/div>\n\t\t<\/div>\n\t\t\t\t\t<\/div>\n\t\t<\/section>\n\t\t\t\t<\/div>\n\t\t","protected":false},"excerpt":{"rendered":"<p>Dr Kristina Isand Dr Kristina Isand is a highly knowledgeable and recognised endocrinologist. She has completed numerous training and refresher courses and has been published in various publications. Throughout her career, Dr Isand has practiced in some of Estonia\u2019s largest hospitals, including: North Estonia Medical Centre, Tartu University Hospital, and East Tallinn Central Hospital. Dr [&hellip;]<\/p>\n","protected":false},"author":3,"featured_media":0,"parent":7183,"menu_order":0,"comment_status":"closed","ping_status":"closed","template":"","meta":{"footnotes":""},"class_list":["post-7154","page","type-page","status-publish","hentry"],"blocksy_meta":{"page_title_panel":"","has_hero_section":"disabled","ddf2b41d43afad42ccf3074f16e170dc":"","hero_section":"type-1","hero_elements":[{"id":"custom_title","enabled":true,"heading_tag":"h1","title":"Avaleht"},{"id":"custom_description","enabled":true,"description_visibility":{"desktop":true,"tablet":true,"mobile":false}},{"id":"custom_meta","enabled":false,"meta_elements":[{"id":"author","enabled":true,"label":"By","has_author_avatar":"yes","avatar_size":25},{"id":"post_date","enabled":true,"label":"On","date_format_source":"default","date_format":"M j, Y"},{"id":"updated_date","enabled":false,"label":"On","date_format_source":"default","date_format":"M j, Y"},{"id":"categories","enabled":false,"label":"In","style":"simple"},{"id":"comments","enabled":true}],"page_meta_elements":{"joined":true,"articles_count":true,"comments":true}},{"id":"breadcrumbs","enabled":false}],"d012dbe4fb4974fa26ab8d1378c5dd51":"","hero_alignment1":"CT_CSS_SKIP_RULE","hero_margin":40,"hero_alignment2":"center","hero_vertical_alignment":"center","b371775833c5d11dd8dac834e12ee592":"","hero_structure":"narrow","73dee6ab1b812f368c58b860c98b075f":"","page_title_bg_type":"featured_image","custom_hero_background":{"attachment_id":null},"page_title_image_size":"full","parallax":{"desktop":false,"tablet":false,"mobile":false},"91ce86739f8ff6640f78266a5cd0b076":"","hero_height":"250px","pageTitleFont":{"family":"Default","variation":"Default","size":"30px","line-height":"CT_CSS_SKIP_RULE","letter-spacing":"CT_CSS_SKIP_RULE","text-transform":"CT_CSS_SKIP_RULE","text-decoration":"CT_CSS_SKIP_RULE"},"pageTitleFontColor":{"default":{"color":"CT_CSS_SKIP_RULEDEFAULT"}},"pageMetaFont":{"family":"Default","variation":"n6","size":"12px","line-height":"1.3","letter-spacing":"CT_CSS_SKIP_RULE","text-transform":"uppercase","text-decoration":"CT_CSS_SKIP_RULE"},"pageMetaFontColor":{"default":{"color":"CT_CSS_SKIP_RULEDEFAULT"},"hover":{"color":"CT_CSS_SKIP_RULEDEFAULT"}},"page_meta_button_type_font_colors":{"default":{"color":"CT_CSS_SKIP_RULEDEFAULT"},"hover":{"color":"CT_CSS_SKIP_RULEDEFAULT"}},"page_meta_button_type_background_colors":{"default":{"color":"CT_CSS_SKIP_RULEDEFAULT"},"hover":{"color":"CT_CSS_SKIP_RULEDEFAULT"}},"pageExcerptFont":{"family":"Default","variation":"Default","size":"CT_CSS_SKIP_RULE","line-height":"CT_CSS_SKIP_RULE","letter-spacing":"CT_CSS_SKIP_RULE","text-transform":"CT_CSS_SKIP_RULE","text-decoration":"CT_CSS_SKIP_RULE"},"pageExcerptColor":{"default":{"color":"CT_CSS_SKIP_RULEDEFAULT"}},"breadcrumbsFont":{"family":"Default","variation":"Default","size":"CT_CSS_SKIP_RULE","line-height":"CT_CSS_SKIP_RULE","letter-spacing":"CT_CSS_SKIP_RULE","text-transform":"CT_CSS_SKIP_RULE","text-decoration":"CT_CSS_SKIP_RULE"},"breadcrumbsFontColor":{"default":{"color":"CT_CSS_SKIP_RULEDEFAULT"},"initial":{"color":"CT_CSS_SKIP_RULEDEFAULT"},"hover":{"color":"CT_CSS_SKIP_RULEDEFAULT"}},"acf_field_hero_elements":"","typography":{"family":"Default","variation":"Default","size":"CT_CSS_SKIP_RULE","line-height":"CT_CSS_SKIP_RULE","letter-spacing":"CT_CSS_SKIP_RULE","text-transform":"CT_CSS_SKIP_RULE","text-decoration":"CT_CSS_SKIP_RULE"},"color":{"default":{"color":"CT_CSS_SKIP_RULEDEFAULT"},"hover":{"color":"CT_CSS_SKIP_RULEDEFAULT"}},"metabox_field_hero_elements":"","toolset_field_hero_elements":"","jetengine_field_hero_elements":"","custom_field_hero_elements":"","pageTitleOverlay":{"background_type":"color","background_pattern":"type-1","background_image":{"attachment_id":null,"x":0,"y":0},"gradient":"linear-gradient(135deg,rgba(6,147,227,1) 0%,rgb(155,81,224) 100%)","background_repeat":"repeat","background_size":"auto","background_attachment":"scroll","patternColor":{"default":{"color":"#e5e7ea"}},"overlayColor":{"default":{"color":"CT_CSS_SKIP_RULE"}},"backgroundColor":{"default":{"color":"CT_CSS_SKIP_RULE"}}},"pageTitleBackground":{"background_type":"color","background_pattern":"type-1","background_image":{"attachment_id":null,"x":0,"y":0},"gradient":"linear-gradient(135deg,rgba(6,147,227,1) 0%,rgb(155,81,224) 100%)","background_repeat":"repeat","background_size":"auto","background_attachment":"scroll","patternColor":{"default":{"color":"#e5e7ea"}},"overlayColor":{"default":{"color":"CT_CSS_SKIP_RULE"}},"backgroundColor":{"default":{"color":"var(--theme-palette-color-6)"}}},"pageTitlePadding":{"top":"50px","bottom":"50px","left":"auto","right":"auto","linked":true},"0d37b70fbb9e00f4e0376965ac168ca8":"","page_structure_type":"default","22c59b339ef25a51aaca37fe03cae08f":"","content_style_source":"inherit","content_style":"wide","vertical_spacing_source":"custom","content_area_spacing":"none","background":{"background_type":"color","background_pattern":"type-1","background_image":{"attachment_id":null,"x":0,"y":0},"gradient":"linear-gradient(135deg,rgba(6,147,227,1) 0%,rgb(155,81,224) 100%)","background_repeat":"repeat","background_size":"auto","background_attachment":"scroll","patternColor":{"default":{"color":"#e5e7ea"}},"overlayColor":{"default":{"color":"CT_CSS_SKIP_RULE"}},"backgroundColor":{"default":{"color":"CT_CSS_SKIP_RULE"}}},"content_background":{"background_type":"color","background_pattern":"type-1","background_image":{"attachment_id":null,"x":0,"y":0},"gradient":"linear-gradient(135deg,rgba(6,147,227,1) 0%,rgb(155,81,224) 100%)","background_repeat":"repeat","background_size":"auto","background_attachment":"scroll","patternColor":{"default":{"color":"#e5e7ea"}},"overlayColor":{"default":{"color":"CT_CSS_SKIP_RULE"}},"backgroundColor":{"default":{"color":"var(--theme-palette-color-8)"}}},"content_boxed_shadow":{"inherit":false,"blur":18,"spread":-6,"v_offset":12,"h_offset":0,"inset":false,"enable":true,"color":{"color":"rgba(34, 56, 101, 0.04)"}},"content_boxed_border":{"width":1,"style":"none","color":{"color":"rgba(44,62,80,0.2)"}},"content_boxed_radius":{"top":"3px","bottom":"3px","left":"3px","right":"3px","linked":true},"boxed_content_spacing":{"desktop":{"top":"40px","bottom":"40px","left":"40px","right":"40px","linked":true},"tablet":{"top":"35px","bottom":"35px","left":"35px","right":"35px","linked":true},"mobile":{"top":"20px","bottom":"20px","left":"20px","right":"20px","linked":true}},"a114f77c59369e6364bd1608320aa6e0":"","disable_featured_image":"no","disable_share_box":"no","disable_header":"no","disable_footer":"no","bcb38e7483b004f0c32d04211e2c5119":"","header_footer_scripts_panel":"","header_scripts":"","f176d69d95de2e8eefb2eac71df4247b":"","header_after_body_scripts":"","4826ea9fa748a95a36ce9e00ca647119":"","footer_scripts":"","styles_descriptor":{"styles":{"desktop":"","tablet":"","mobile":""},"google_fonts":[],"version":6}},"_links":{"self":[{"href":"https:\/\/weightlossclinic.eu\/en\/wp-json\/wp\/v2\/pages\/7154","targetHints":{"allow":["GET"]}}],"collection":[{"href":"https:\/\/weightlossclinic.eu\/en\/wp-json\/wp\/v2\/pages"}],"about":[{"href":"https:\/\/weightlossclinic.eu\/en\/wp-json\/wp\/v2\/types\/page"}],"author":[{"embeddable":true,"href":"https:\/\/weightlossclinic.eu\/en\/wp-json\/wp\/v2\/users\/3"}],"replies":[{"embeddable":true,"href":"https:\/\/weightlossclinic.eu\/en\/wp-json\/wp\/v2\/comments?post=7154"}],"version-history":[{"count":14,"href":"https:\/\/weightlossclinic.eu\/en\/wp-json\/wp\/v2\/pages\/7154\/revisions"}],"predecessor-version":[{"id":8235,"href":"https:\/\/weightlossclinic.eu\/en\/wp-json\/wp\/v2\/pages\/7154\/revisions\/8235"}],"up":[{"embeddable":true,"href":"https:\/\/weightlossclinic.eu\/en\/wp-json\/wp\/v2\/pages\/7183"}],"wp:attachment":[{"href":"https:\/\/weightlossclinic.eu\/en\/wp-json\/wp\/v2\/media?parent=7154"}],"curies":[{"name":"wp","href":"https:\/\/api.w.org\/{rel}","templated":true}]}}